{"id":196,"date":"2026-02-21T12:13:00","date_gmt":"2026-02-21T12:13:00","guid":{"rendered":"https:\/\/practicas.cursounedcommunitymanager.es\/sramos278\/?page_id=196"},"modified":"2026-02-24T11:34:00","modified_gmt":"2026-02-24T11:34:00","slug":"contacta-con-nosotros","status":"publish","type":"page","link":"https:\/\/practicas.cursounedcommunitymanager.es\/sramos278\/contacta-con-nosotros\/","title":{"rendered":"CONTACTA CON NOSOTROS"},"content":{"rendered":"\n<div class=\"wp-block-group alignfull is-layout-constrained wp-container-core-group-is-layout-23b1a4dc wp-block-group-is-layout-constrained\" style=\"padding-top:var(--wp--preset--spacing--30);padding-right:var(--wp--preset--spacing--30);padding-bottom:var(--wp--preset--spacing--30);padding-left:var(--wp--preset--spacing--30)\"><\/div>\n\n\n\n<div class=\"wp-block-cover has-parallax\"><div role=\"img\" aria-label=\"Fondo Entre P\u00e1ginas\" class=\"wp-block-cover__image-background wp-image-109 size-medium has-parallax\" style=\"background-position:50% 50%;background-image:url(https:\/\/practicas.cursounedcommunitymanager.es\/sramos278\/wp-content\/uploads\/2026\/02\/fondo-web-300x200.png)\"><\/div><span aria-hidden=\"true\" class=\"wp-block-cover__background has-background-dim\" style=\"background-color:#68418f\"><\/span><div class=\"wp-block-cover__inner-container is-layout-constrained wp-block-cover-is-layout-constrained\">\n<p class=\"has-text-align-center has-ast-global-color-4-color has-text-color has-link-color has-x-large-font-size wp-elements-1e19c41e2604afd7a54cb032a02094fc\" style=\"border-width:7px;border-top-left-radius:0px;border-top-right-radius:0px;border-bottom-left-radius:0px;border-bottom-right-radius:0px;margin-top:0;margin-bottom:0;padding-top:0;padding-bottom:0\">\u00a1 Queremos conocerte !<\/p>\n<\/div><\/div>\n\n\n\n<div style=\"height:43px\" aria-hidden=\"true\" class=\"wp-block-spacer\"><\/div>\n\n\n\n<h1 class=\"wp-block-heading has-text-align-center\">CONTACTA CON NOSOTROS<\/h1>\n\n\n\n<p class=\"has-text-align-center has-medium-font-size\">Nos encantar\u00eda <strong>conocer a nuestra comunidad<\/strong>. Tus opiniones, cr\u00edticas constructivas y nuevas ideas siempre son bienvenidas.<\/p>\n\n\n\n<p class=\"has-text-align-center has-medium-font-size\">\u00bfTienes una recomendaci\u00f3n de libro o quieres <strong>colaborar con una review<\/strong>? <\/p>\n\n\n\n<p class=\"has-text-align-center has-medium-font-size\">\u00a1Nos har\u00eda muy felices recibir tu aporte!<br>Aqu\u00ed estamos para escuchar, compartir y hacer este espacio cada vez m\u00e1s divertido y enriquecedor.<\/p>\n\n\n\n<h2 class=\"wp-block-heading has-text-align-center\">EMAIL:<\/h2>\n\n\n\n<p class=\"has-text-align-center\">info@entrepaginas.com<\/p>\n\n\n\n<h2 class=\"wp-block-heading has-text-align-center\"><a href=\"https:\/\/business.whatsapp.com\/products\/business-app?lang=es_LA\" data-type=\"link\" data-id=\"https:\/\/business.whatsapp.com\/products\/business-app?lang=es_LA\">WHATSAPP<\/a>:<\/h2>\n\n\n\n<p class=\"has-text-align-center\">789 456 123<\/p>\n\n\n\n<figure class=\"wp-block-image aligncenter size-full\"><img fetchpriority=\"high\" decoding=\"async\" width=\"622\" height=\"201\" src=\"https:\/\/practicas.cursounedcommunitymanager.es\/sramos278\/wp-content\/uploads\/2026\/02\/IMAGEN-CONTACTO.jpg\" alt=\"Imagen con logos de herramientas de contacto\" class=\"wp-image-233\" srcset=\"https:\/\/practicas.cursounedcommunitymanager.es\/sramos278\/wp-content\/uploads\/2026\/02\/IMAGEN-CONTACTO.jpg 622w, https:\/\/practicas.cursounedcommunitymanager.es\/sramos278\/wp-content\/uploads\/2026\/02\/IMAGEN-CONTACTO-300x97.jpg 300w\" sizes=\"(max-width: 622px) 100vw, 622px\" \/><\/figure>\n\n\n\n<div style=\"height:37px\" aria-hidden=\"true\" class=\"wp-block-spacer\"><\/div>\n\n\n\n<div class=\"wp-block-group alignfull has-background-color has-ast-global-color-0-color has-white-background-color has-text-color has-background has-link-color wp-elements-d5a90eb449e96231afaffd89dceaa477 is-layout-constrained wp-container-core-group-is-layout-39266ca5 wp-block-group-is-layout-constrained\" style=\"min-height:40vh;margin-top:0;margin-bottom:0;padding-top:var(--wp--preset--spacing--60);padding-right:var(--wp--preset--spacing--40);padding-bottom:var(--wp--preset--spacing--60);padding-left:var(--wp--preset--spacing--40)\">\n<div style=\"height:22px\" aria-hidden=\"true\" class=\"wp-block-spacer\"><\/div>\n\n\n\n<div style=\"height:16px\" aria-hidden=\"true\" class=\"wp-block-spacer\"><\/div>\n\n\n\n<div class=\"wp-block-columns alignwide has-small-font-size is-layout-flex wp-container-core-columns-is-layout-28f84493 wp-block-columns-is-layout-flex\">\n<div class=\"wp-block-column is-layout-flow wp-block-column-is-layout-flow\">\n<p class=\"has-text-align-center\">Ubicaci\u00f3n<\/p>\n\n\n\n<p class=\"has-text-align-center\">2020 Lomita Blvd, <br>Torrance, CA 90101<br>Estados Unidos<\/p>\n<\/div>\n\n\n\n<div class=\"wp-block-column is-vertically-aligned-center is-layout-flow wp-block-column-is-layout-flow\">\n<p class=\"has-text-align-center\">CATEGOR\u00cdAS:<\/p>\n\n\n<nav class=\"has-small-font-size items-justified-center is-vertical no-wrap wp-block-navigation is-content-justification-center is-nowrap is-layout-flex wp-container-core-navigation-is-layout-34a3ecb2 wp-block-navigation-is-layout-flex\" aria-label=\"Men\u00fa secundario\"><ul class=\"wp-block-navigation__container has-small-font-size items-justified-center is-vertical no-wrap wp-block-navigation has-small-font-size\"><li class=\"has-small-font-size wp-block-navigation-item wp-block-navigation-link\"><a class=\"wp-block-navigation-item__content\"  href=\"https:\/\/practicas.cursounedcommunitymanager.es\/sramos278\/category\/fantasia\/\"><span class=\"wp-block-navigation-item__label\">Fantas\u00eda<\/span><span class=\"wp-block-navigation-item__description\">Todo lo relacionado con literatura de fantas\u00eda y aventura<\/span><\/a><\/li><li class=\"has-small-font-size wp-block-navigation-item wp-block-navigation-link\"><a class=\"wp-block-navigation-item__content\"  href=\"https:\/\/practicas.cursounedcommunitymanager.es\/sramos278\/category\/ciencia_ficcion\/\"><span class=\"wp-block-navigation-item__label\">Ciencia Ficci\u00f3n<\/span><span class=\"wp-block-navigation-item__description\">Todo lo relacionado con literatura de Ciencia Ficci\u00f3n<\/span><\/a><\/li><li class=\"has-small-font-size wp-block-navigation-item wp-block-navigation-link\"><a class=\"wp-block-navigation-item__content\"  href=\"https:\/\/practicas.cursounedcommunitymanager.es\/sramos278\/5-libros-de-ciencia-ficcion\/\"><span class=\"wp-block-navigation-item__label\">5 libros de ciencia ficci\u00f3n que no pueden faltar en tu lista de lectura<\/span><\/a><\/li><li class=\"has-small-font-size wp-block-navigation-item wp-block-navigation-link\"><a class=\"wp-block-navigation-item__content\"  href=\"https:\/\/practicas.cursounedcommunitymanager.es\/sramos278\/category\/thriller\/\"><span class=\"wp-block-navigation-item__label\">Thriller<\/span><span class=\"wp-block-navigation-item__description\">Todo lo relacionado con literatura de thriller y misterio<\/span><\/a><\/li><li class=\"has-small-font-size wp-block-navigation-item wp-block-navigation-link\"><a class=\"wp-block-navigation-item__content\"  href=\"https:\/\/practicas.cursounedcommunitymanager.es\/sramos278\/category\/terror\/\"><span class=\"wp-block-navigation-item__label\">Terror<\/span><span class=\"wp-block-navigation-item__description\">Todo lo relacionado con literatura de terror<\/span><\/a><\/li><li class=\"has-small-font-size wp-block-navigation-item wp-block-navigation-link\"><a class=\"wp-block-navigation-item__content\"  href=\"https:\/\/practicas.cursounedcommunitymanager.es\/sramos278\/category\/romance\/\"><span class=\"wp-block-navigation-item__label\">Romance<\/span><span class=\"wp-block-navigation-item__description\">Todo lo relacionado con literatura rom\u00e1ntica<\/span><\/a><\/li><\/ul><\/nav><\/div>\n<\/div>\n\n\n\n<hr class=\"wp-block-separator has-alpha-channel-opacity\"\/>\n\n\n<div class=\"is-default-size aligncenter wp-block-site-logo\"><a href=\"https:\/\/practicas.cursounedcommunitymanager.es\/sramos278\/\" class=\"custom-logo-link\" rel=\"home\"><img decoding=\"async\" width=\"512\" height=\"512\" src=\"https:\/\/practicas.cursounedcommunitymanager.es\/sramos278\/wp-content\/uploads\/2026\/02\/logo-sin-fondo-119x119.png\" class=\"custom-logo\" alt=\"Logo Entre P\u00e1ginas\" srcset=\"https:\/\/practicas.cursounedcommunitymanager.es\/sramos278\/wp-content\/uploads\/2026\/02\/logo-sin-fondo.png 512w, https:\/\/practicas.cursounedcommunitymanager.es\/sramos278\/wp-content\/uploads\/2026\/02\/logo-sin-fondo-300x300.png 300w, https:\/\/practicas.cursounedcommunitymanager.es\/sramos278\/wp-content\/uploads\/2026\/02\/logo-sin-fondo-150x150.png 150w, https:\/\/practicas.cursounedcommunitymanager.es\/sramos278\/wp-content\/uploads\/2026\/02\/logo-sin-fondo-119x119.png 119w\" sizes=\"(max-width: 512px) 100vw, 512px\" \/><\/a><\/div>\n\n\n<div class=\"wp-block-group alignwide is-content-justification-center is-layout-flex wp-container-core-group-is-layout-c124d1c4 wp-block-group-is-layout-flex\">\n<p class=\"has-text-align-center has-small-font-size\"> Orgullosamente impulsado por <a rel=\"nofollow\" href=\"https:\/\/wordpress.org\">WordPress<\/a> <\/p>\n<\/div>\n<\/div>\n","protected":false},"excerpt":{"rendered":"<p>CONTACTA CON NOSOTROS Nos encantar\u00eda conocer a nuestra comunidad. Tus opiniones, cr\u00edticas constructivas y nuevas ideas siempre son bienvenidas. \u00bfTienes [&hellip;]<\/p>\n","protected":false},"author":2,"featured_media":38,"parent":0,"menu_order":5,"comment_status":"closed","ping_status":"closed","template":"","meta":{"site-sidebar-layout":"default","site-content-layout":"","ast-site-content-layout":"default","site-content-style":"default","site-sidebar-style":"default","ast-global-header-display":"","ast-banner-title-visibility":"","ast-main-header-display":"","ast-hfb-above-header-display":"","ast-hfb-below-header-display":"","ast-hfb-mobile-header-display":"","site-post-title":"disabled","ast-breadcrumbs-content":"","ast-featured-img":"disabled","footer-sml-layout":"","ast-disable-related-posts":"","theme-transparent-header-meta":"","adv-header-id-meta":"","stick-header-meta":"","header-above-stick-meta":"","header-main-stick-meta":"","header-below-stick-meta":"","astra-migrate-meta-layouts":"default","ast-page-background-enabled":"default","ast-page-background-meta":{"desktop":{"background-color":"var(--ast-global-color-5)","background-image":"","background-repeat":"repeat","background-position":"center center","background-size":"auto","background-attachment":"scroll","background-type":"","background-media":"","overlay-type":"","overlay-color":"","overlay-opacity":"","overlay-gradient":""},"tablet":{"background-color":"","background-image":"","background-repeat":"repeat","background-position":"center center","background-size":"auto","background-attachment":"scroll","background-type":"","background-media":"","overlay-type":"","overlay-color":"","overlay-opacity":"","overlay-gradient":""},"mobile":{"background-color":"","background-image":"","background-repeat":"repeat","background-position":"center center","background-size":"auto","background-attachment":"scroll","background-type":"","background-media":"","overlay-type":"","overlay-color":"","overlay-opacity":"","overlay-gradient":""}},"ast-content-background-meta":{"desktop":{"background-color":"var(--ast-global-color-4)","background-image":"","background-repeat":"repeat","background-position":"center center","background-size":"auto","background-attachment":"scroll","background-type":"","background-media":"","overlay-type":"","overlay-color":"","overlay-opacity":"","overlay-gradient":""},"tablet":{"background-color":"var(--ast-global-color-4)","background-image":"","background-repeat":"repeat","background-position":"center center","background-size":"auto","background-attachment":"scroll","background-type":"","background-media":"","overlay-type":"","overlay-color":"","overlay-opacity":"","overlay-gradient":""},"mobile":{"background-color":"var(--ast-global-color-4)","background-image":"","background-repeat":"repeat","background-position":"center center","background-size":"auto","background-attachment":"scroll","background-type":"","background-media":"","overlay-type":"","overlay-color":"","overlay-opacity":"","overlay-gradient":""}},"footnotes":""},"class_list":["post-196","page","type-page","status-publish","has-post-thumbnail","hentry"],"_hostinger_reach_plugin_has_subscription_block":false,"_hostinger_reach_plugin_is_elementor":false,"_links":{"self":[{"href":"https:\/\/practicas.cursounedcommunitymanager.es\/sramos278\/wp-json\/wp\/v2\/pages\/196","targetHints":{"allow":["GET"]}}],"collection":[{"href":"https:\/\/practicas.cursounedcommunitymanager.es\/sramos278\/wp-json\/wp\/v2\/pages"}],"about":[{"href":"https:\/\/practicas.cursounedcommunitymanager.es\/sramos278\/wp-json\/wp\/v2\/types\/page"}],"author":[{"embeddable":true,"href":"https:\/\/practicas.cursounedcommunitymanager.es\/sramos278\/wp-json\/wp\/v2\/users\/2"}],"replies":[{"embeddable":true,"href":"https:\/\/practicas.cursounedcommunitymanager.es\/sramos278\/wp-json\/wp\/v2\/comments?post=196"}],"version-history":[{"count":18,"href":"https:\/\/practicas.cursounedcommunitymanager.es\/sramos278\/wp-json\/wp\/v2\/pages\/196\/revisions"}],"predecessor-version":[{"id":338,"href":"https:\/\/practicas.cursounedcommunitymanager.es\/sramos278\/wp-json\/wp\/v2\/pages\/196\/revisions\/338"}],"wp:featuredmedia":[{"embeddable":true,"href":"https:\/\/practicas.cursounedcommunitymanager.es\/sramos278\/wp-json\/wp\/v2\/media\/38"}],"wp:attachment":[{"href":"https:\/\/practicas.cursounedcommunitymanager.es\/sramos278\/wp-json\/wp\/v2\/media?parent=196"}],"curies":[{"name":"wp","href":"https:\/\/api.w.org\/{rel}","templated":true}]}}