{"id":144,"date":"2026-02-16T18:49:41","date_gmt":"2026-02-16T18:49:41","guid":{"rendered":"https:\/\/practicas.cursounedcommunitymanager.es\/sramos278\/?page_id=144"},"modified":"2026-02-23T13:43:34","modified_gmt":"2026-02-23T13:43:34","slug":"sobre-nosotros","status":"publish","type":"page","link":"https:\/\/practicas.cursounedcommunitymanager.es\/sramos278\/sobre-nosotros\/","title":{"rendered":"DETR\u00c1S DE LAS P\u00c1GINAS"},"content":{"rendered":"\n<div class=\"wp-block-group alignfull is-layout-constrained wp-container-core-group-is-layout-23b1a4dc wp-block-group-is-layout-constrained\" style=\"padding-top:var(--wp--preset--spacing--30);padding-right:var(--wp--preset--spacing--30);padding-bottom:var(--wp--preset--spacing--30);padding-left:var(--wp--preset--spacing--30)\"><\/div>\n\n\n\n<div class=\"wp-block-cover\"><img fetchpriority=\"high\" decoding=\"async\" width=\"1024\" height=\"683\" class=\"wp-block-cover__image-background wp-image-109 size-large\" alt=\"\" src=\"https:\/\/practicas.cursounedcommunitymanager.es\/sramos278\/wp-content\/uploads\/2026\/02\/fondo-web-1024x683.png\" data-object-fit=\"cover\" srcset=\"https:\/\/practicas.cursounedcommunitymanager.es\/sramos278\/wp-content\/uploads\/2026\/02\/fondo-web-1024x683.png 1024w, https:\/\/practicas.cursounedcommunitymanager.es\/sramos278\/wp-content\/uploads\/2026\/02\/fondo-web-300x200.png 300w, https:\/\/practicas.cursounedcommunitymanager.es\/sramos278\/wp-content\/uploads\/2026\/02\/fondo-web-768x512.png 768w, https:\/\/practicas.cursounedcommunitymanager.es\/sramos278\/wp-content\/uploads\/2026\/02\/fondo-web.png 1536w\" sizes=\"(max-width: 1024px) 100vw, 1024px\" \/><span aria-hidden=\"true\" class=\"wp-block-cover__background has-background-dim\" style=\"background-color:#68418f\"><\/span><div class=\"wp-block-cover__inner-container is-layout-constrained wp-block-cover-is-layout-constrained\">\n<p class=\"has-text-align-center has-ast-global-color-4-color has-text-color has-link-color has-x-large-font-size wp-elements-d086e44277459064f93c2270c5e1bda0\" style=\"border-width:7px;border-top-left-radius:0px;border-top-right-radius:0px;border-bottom-left-radius:0px;border-bottom-right-radius:0px;margin-top:0;margin-bottom:0;padding-top:0;padding-bottom:0\">Conoce quien se esconde tras las p\u00e1ginas<\/p>\n<\/div><\/div>\n\n\n\n<div style=\"height:20px\" aria-hidden=\"true\" class=\"wp-block-spacer\"><\/div>\n\n\n\n<h1 class=\"wp-block-heading has-text-align-center\">DETR\u00c1S DE LAS P\u00c1GINAS<\/h1>\n\n\n\n<hr class=\"wp-block-separator has-alpha-channel-opacity\" style=\"margin-top:var(--wp--preset--spacing--50);margin-bottom:var(--wp--preset--spacing--50)\"\/>\n\n\n\n<div class=\"wp-block-columns is-layout-flex wp-container-core-columns-is-layout-28f84493 wp-block-columns-is-layout-flex\">\n<div class=\"wp-block-column is-layout-flow wp-block-column-is-layout-flow\">\n<figure class=\"wp-block-image aligncenter size-large is-resized\"><img decoding=\"async\" width=\"683\" height=\"1024\" src=\"https:\/\/practicas.cursounedcommunitymanager.es\/sramos278\/wp-content\/uploads\/2026\/02\/Yo-y-los-gatetes-683x1024.jpeg\" alt=\"Una ilustraci\u00f3n de la persona que est\u00e1 detr\u00e1s de la Web con sus gatos. \" class=\"wp-image-208\" style=\"aspect-ratio:0.6669828163356394;width:428px;height:auto\" srcset=\"https:\/\/practicas.cursounedcommunitymanager.es\/sramos278\/wp-content\/uploads\/2026\/02\/Yo-y-los-gatetes-683x1024.jpeg 683w, https:\/\/practicas.cursounedcommunitymanager.es\/sramos278\/wp-content\/uploads\/2026\/02\/Yo-y-los-gatetes-200x300.jpeg 200w, https:\/\/practicas.cursounedcommunitymanager.es\/sramos278\/wp-content\/uploads\/2026\/02\/Yo-y-los-gatetes-768x1152.jpeg 768w, https:\/\/practicas.cursounedcommunitymanager.es\/sramos278\/wp-content\/uploads\/2026\/02\/Yo-y-los-gatetes.jpeg 1024w\" sizes=\"(max-width: 683px) 100vw, 683px\" \/><\/figure>\n<\/div>\n\n\n\n<div class=\"wp-block-column is-layout-flow wp-block-column-is-layout-flow\">\n<h2 class=\"wp-block-heading has-text-align-center\">\u00bfQui\u00e9nes somos?<\/h2>\n\n\n\n<p class=\"has-medium-font-size\">Entre P\u00e1ginas naci\u00f3 como un hobby, de esos que empiezan por amor a los libros y acaban convirti\u00e9ndose en un espacio para compartir historias, opiniones y muchas ganas de leer. Aqu\u00ed hablamos de fantas\u00eda, ciencia ficci\u00f3n, romance, thriller y terror, sin postureo y sin dramas, solo por el puro placer de leer.<\/p>\n\n\n\n<p class=\"has-medium-font-size\">Soy Sarai y este blog es un rinc\u00f3n personal, hecho con calma, curiosidad y caf\u00e9 de por medio (y con la ayuda de dos gatitos que supervisan cada lectura). Si te gusta descubrir nuevos libros, intercambiar opiniones y perderte entre historias, est\u00e1s en el lugar adecuado.<\/p>\n<\/div>\n<\/div>\n\n\n\n<p class=\"has-text-align-center has-ast-global-color-1-color has-text-color has-link-color has-medium-font-size wp-elements-ffc6b2294cf91fb787bb376b20815ff5\"><strong>Si tienes curiosidad por conocer un poco mi trayectoria, te dejo mi LinkedIn:<\/strong><\/p>\n\n\n\n<div class=\"wp-block-buttons is-content-justification-center is-layout-flex wp-container-core-buttons-is-layout-a89b3969 wp-block-buttons-is-layout-flex\">\n<div class=\"wp-block-button has-custom-width wp-block-button__width-25\"><a class=\"wp-block-button__link wp-element-button\" href=\"https:\/\/www.linkedin.com\/in\/sarai-ramosg\/\">LINKEDIN<\/a><\/div>\n<\/div>\n\n\n\n<div style=\"height:13px\" aria-hidden=\"true\" class=\"wp-block-spacer\"><\/div>\n\n\n\n<div class=\"wp-block-group alignfull has-background-color has-ast-global-color-0-color has-white-background-color has-text-color has-background has-link-color wp-elements-a76e3bcf68328048f29ea013943b508c is-layout-constrained wp-container-core-group-is-layout-39266ca5 wp-block-group-is-layout-constrained\" style=\"min-height:40vh;margin-top:0;margin-bottom:0;padding-top:var(--wp--preset--spacing--60);padding-right:var(--wp--preset--spacing--40);padding-bottom:var(--wp--preset--spacing--60);padding-left:var(--wp--preset--spacing--40)\">\n<div style=\"height:22px\" aria-hidden=\"true\" class=\"wp-block-spacer\"><\/div>\n\n\n\n<div style=\"height:16px\" aria-hidden=\"true\" class=\"wp-block-spacer\"><\/div>\n\n\n\n<div class=\"wp-block-columns alignwide has-small-font-size is-layout-flex wp-container-core-columns-is-layout-28f84493 wp-block-columns-is-layout-flex\">\n<div class=\"wp-block-column is-layout-flow wp-block-column-is-layout-flow\">\n<p class=\"has-text-align-center\">Ubicaci\u00f3n<\/p>\n\n\n\n<p class=\"has-text-align-center\">2020 Lomita Blvd, <br>Torrance, CA 90101<br>Estados Unidos<\/p>\n<\/div>\n\n\n\n<div class=\"wp-block-column is-vertically-aligned-center is-layout-flow wp-block-column-is-layout-flow\">\n<p class=\"has-text-align-center\">CATEGOR\u00cdAS:<\/p>\n\n\n<nav class=\"has-small-font-size items-justified-center is-vertical no-wrap wp-block-navigation is-content-justification-center is-nowrap is-layout-flex wp-container-core-navigation-is-layout-34a3ecb2 wp-block-navigation-is-layout-flex\" aria-label=\"Men\u00fa secundario\"><ul class=\"wp-block-navigation__container has-small-font-size items-justified-center is-vertical no-wrap wp-block-navigation has-small-font-size\"><li class=\"has-small-font-size wp-block-navigation-item wp-block-navigation-link\"><a class=\"wp-block-navigation-item__content\"  href=\"https:\/\/practicas.cursounedcommunitymanager.es\/sramos278\/category\/fantasia\/\"><span class=\"wp-block-navigation-item__label\">Fantas\u00eda<\/span><span class=\"wp-block-navigation-item__description\">Todo lo relacionado con literatura de fantas\u00eda y aventura<\/span><\/a><\/li><li class=\"has-small-font-size wp-block-navigation-item wp-block-navigation-link\"><a class=\"wp-block-navigation-item__content\"  href=\"https:\/\/practicas.cursounedcommunitymanager.es\/sramos278\/category\/ciencia_ficcion\/\"><span class=\"wp-block-navigation-item__label\">Ciencia Ficci\u00f3n<\/span><span class=\"wp-block-navigation-item__description\">Todo lo relacionado con literatura de Ciencia Ficci\u00f3n<\/span><\/a><\/li><li class=\"has-small-font-size wp-block-navigation-item wp-block-navigation-link\"><a class=\"wp-block-navigation-item__content\"  href=\"https:\/\/practicas.cursounedcommunitymanager.es\/sramos278\/5-libros-de-ciencia-ficcion\/\"><span class=\"wp-block-navigation-item__label\">5 libros de ciencia ficci\u00f3n que no pueden faltar en tu lista de lectura<\/span><\/a><\/li><li class=\"has-small-font-size wp-block-navigation-item wp-block-navigation-link\"><a class=\"wp-block-navigation-item__content\"  href=\"https:\/\/practicas.cursounedcommunitymanager.es\/sramos278\/category\/thriller\/\"><span class=\"wp-block-navigation-item__label\">Thriller<\/span><span class=\"wp-block-navigation-item__description\">Todo lo relacionado con literatura de thriller y misterio<\/span><\/a><\/li><li class=\"has-small-font-size wp-block-navigation-item wp-block-navigation-link\"><a class=\"wp-block-navigation-item__content\"  href=\"https:\/\/practicas.cursounedcommunitymanager.es\/sramos278\/category\/terror\/\"><span class=\"wp-block-navigation-item__label\">Terror<\/span><span class=\"wp-block-navigation-item__description\">Todo lo relacionado con literatura de terror<\/span><\/a><\/li><li class=\"has-small-font-size wp-block-navigation-item wp-block-navigation-link\"><a class=\"wp-block-navigation-item__content\"  href=\"https:\/\/practicas.cursounedcommunitymanager.es\/sramos278\/category\/romance\/\"><span class=\"wp-block-navigation-item__label\">Romance<\/span><span class=\"wp-block-navigation-item__description\">Todo lo relacionado con literatura rom\u00e1ntica<\/span><\/a><\/li><\/ul><\/nav><\/div>\n<\/div>\n\n\n\n<hr class=\"wp-block-separator has-alpha-channel-opacity\"\/>\n\n\n<div class=\"is-default-size aligncenter wp-block-site-logo\"><a href=\"https:\/\/practicas.cursounedcommunitymanager.es\/sramos278\/\" class=\"custom-logo-link\" rel=\"home\"><img decoding=\"async\" width=\"512\" height=\"512\" src=\"https:\/\/practicas.cursounedcommunitymanager.es\/sramos278\/wp-content\/uploads\/2026\/02\/logo-sin-fondo-119x119.png\" class=\"custom-logo\" alt=\"Logo Entre P\u00e1ginas\" srcset=\"https:\/\/practicas.cursounedcommunitymanager.es\/sramos278\/wp-content\/uploads\/2026\/02\/logo-sin-fondo.png 512w, https:\/\/practicas.cursounedcommunitymanager.es\/sramos278\/wp-content\/uploads\/2026\/02\/logo-sin-fondo-300x300.png 300w, https:\/\/practicas.cursounedcommunitymanager.es\/sramos278\/wp-content\/uploads\/2026\/02\/logo-sin-fondo-150x150.png 150w, https:\/\/practicas.cursounedcommunitymanager.es\/sramos278\/wp-content\/uploads\/2026\/02\/logo-sin-fondo-119x119.png 119w\" sizes=\"(max-width: 512px) 100vw, 512px\" \/><\/a><\/div>\n\n\n<div class=\"wp-block-group alignwide is-content-justification-center is-layout-flex wp-container-core-group-is-layout-c124d1c4 wp-block-group-is-layout-flex\">\n<p class=\"has-text-align-center has-small-font-size\"> Orgullosamente impulsado por <a rel=\"nofollow\" href=\"https:\/\/wordpress.org\">WordPress<\/a> <\/p>\n<\/div>\n<\/div>\n","protected":false},"excerpt":{"rendered":"<p>DETR\u00c1S DE LAS P\u00c1GINAS \u00bfQui\u00e9nes somos? Entre P\u00e1ginas naci\u00f3 como un hobby, de esos que empiezan por amor a los [&hellip;]<\/p>\n","protected":false},"author":2,"featured_media":0,"parent":0,"menu_order":4,"comment_status":"closed","ping_status":"closed","template":"","meta":{"site-sidebar-layout":"default","site-content-layout":"","ast-site-content-layout":"default","site-content-style":"default","site-sidebar-style":"default","ast-global-header-display":"","ast-banner-title-visibility":"","ast-main-header-display":"","ast-hfb-above-header-display":"","ast-hfb-below-header-display":"","ast-hfb-mobile-header-display":"","site-post-title":"disabled","ast-breadcrumbs-content":"","ast-featured-img":"","footer-sml-layout":"","ast-disable-related-posts":"","theme-transparent-header-meta":"","adv-header-id-meta":"","stick-header-meta":"","header-above-stick-meta":"","header-main-stick-meta":"","header-below-stick-meta":"","astra-migrate-meta-layouts":"default","ast-page-background-enabled":"default","ast-page-background-meta":{"desktop":{"background-color":"var(--ast-global-color-5)","background-image":"","background-repeat":"repeat","background-position":"center center","background-size":"auto","background-attachment":"scroll","background-type":"","background-media":"","overlay-type":"","overlay-color":"","overlay-opacity":"","overlay-gradient":""},"tablet":{"background-color":"","background-image":"","background-repeat":"repeat","background-position":"center center","background-size":"auto","background-attachment":"scroll","background-type":"","background-media":"","overlay-type":"","overlay-color":"","overlay-opacity":"","overlay-gradient":""},"mobile":{"background-color":"","background-image":"","background-repeat":"repeat","background-position":"center center","background-size":"auto","background-attachment":"scroll","background-type":"","background-media":"","overlay-type":"","overlay-color":"","overlay-opacity":"","overlay-gradient":""}},"ast-content-background-meta":{"desktop":{"background-color":"var(--ast-global-color-4)","background-image":"","background-repeat":"repeat","background-position":"center center","background-size":"auto","background-attachment":"scroll","background-type":"","background-media":"","overlay-type":"","overlay-color":"","overlay-opacity":"","overlay-gradient":""},"tablet":{"background-color":"var(--ast-global-color-4)","background-image":"","background-repeat":"repeat","background-position":"center center","background-size":"auto","background-attachment":"scroll","background-type":"","background-media":"","overlay-type":"","overlay-color":"","overlay-opacity":"","overlay-gradient":""},"mobile":{"background-color":"var(--ast-global-color-4)","background-image":"","background-repeat":"repeat","background-position":"center center","background-size":"auto","background-attachment":"scroll","background-type":"","background-media":"","overlay-type":"","overlay-color":"","overlay-opacity":"","overlay-gradient":""}},"footnotes":""},"class_list":["post-144","page","type-page","status-publish","hentry"],"_hostinger_reach_plugin_has_subscription_block":false,"_hostinger_reach_plugin_is_elementor":false,"_links":{"self":[{"href":"https:\/\/practicas.cursounedcommunitymanager.es\/sramos278\/wp-json\/wp\/v2\/pages\/144","targetHints":{"allow":["GET"]}}],"collection":[{"href":"https:\/\/practicas.cursounedcommunitymanager.es\/sramos278\/wp-json\/wp\/v2\/pages"}],"about":[{"href":"https:\/\/practicas.cursounedcommunitymanager.es\/sramos278\/wp-json\/wp\/v2\/types\/page"}],"author":[{"embeddable":true,"href":"https:\/\/practicas.cursounedcommunitymanager.es\/sramos278\/wp-json\/wp\/v2\/users\/2"}],"replies":[{"embeddable":true,"href":"https:\/\/practicas.cursounedcommunitymanager.es\/sramos278\/wp-json\/wp\/v2\/comments?post=144"}],"version-history":[{"count":14,"href":"https:\/\/practicas.cursounedcommunitymanager.es\/sramos278\/wp-json\/wp\/v2\/pages\/144\/revisions"}],"predecessor-version":[{"id":320,"href":"https:\/\/practicas.cursounedcommunitymanager.es\/sramos278\/wp-json\/wp\/v2\/pages\/144\/revisions\/320"}],"wp:attachment":[{"href":"https:\/\/practicas.cursounedcommunitymanager.es\/sramos278\/wp-json\/wp\/v2\/media?parent=144"}],"curies":[{"name":"wp","href":"https:\/\/api.w.org\/{rel}","templated":true}]}}