{"id":105,"date":"2026-02-16T17:02:14","date_gmt":"2026-02-16T17:02:14","guid":{"rendered":"https:\/\/practicas.cursounedcommunitymanager.es\/sramos278\/?page_id=105"},"modified":"2026-02-23T13:40:44","modified_gmt":"2026-02-23T13:40:44","slug":"entre_paginas","status":"publish","type":"page","link":"https:\/\/practicas.cursounedcommunitymanager.es\/sramos278\/","title":{"rendered":"INICIO"},"content":{"rendered":"\n<div class=\"wp-block-group alignfull is-layout-constrained wp-container-core-group-is-layout-23b1a4dc wp-block-group-is-layout-constrained\" style=\"padding-top:var(--wp--preset--spacing--30);padding-right:var(--wp--preset--spacing--30);padding-bottom:var(--wp--preset--spacing--30);padding-left:var(--wp--preset--spacing--30)\"><\/div>\n\n\n\n<div class=\"wp-block-cover\"><img fetchpriority=\"high\" decoding=\"async\" width=\"1024\" height=\"683\" class=\"wp-block-cover__image-background wp-image-109 size-large\" alt=\"\" src=\"https:\/\/practicas.cursounedcommunitymanager.es\/sramos278\/wp-content\/uploads\/2026\/02\/fondo-web-1024x683.png\" data-object-fit=\"cover\" srcset=\"https:\/\/practicas.cursounedcommunitymanager.es\/sramos278\/wp-content\/uploads\/2026\/02\/fondo-web-1024x683.png 1024w, https:\/\/practicas.cursounedcommunitymanager.es\/sramos278\/wp-content\/uploads\/2026\/02\/fondo-web-300x200.png 300w, https:\/\/practicas.cursounedcommunitymanager.es\/sramos278\/wp-content\/uploads\/2026\/02\/fondo-web-768x512.png 768w, https:\/\/practicas.cursounedcommunitymanager.es\/sramos278\/wp-content\/uploads\/2026\/02\/fondo-web.png 1536w\" sizes=\"(max-width: 1024px) 100vw, 1024px\" \/><span aria-hidden=\"true\" class=\"wp-block-cover__background has-background-dim\" style=\"background-color:#68418f\"><\/span><div class=\"wp-block-cover__inner-container is-layout-constrained wp-block-cover-is-layout-constrained\">\n<p class=\"has-text-align-center has-ast-global-color-4-color has-text-color has-link-color has-x-large-font-size wp-elements-c4cc6990c538ef0041653412acf74267\" style=\"border-width:7px;border-top-left-radius:0px;border-top-right-radius:0px;border-bottom-left-radius:0px;border-bottom-right-radius:0px;margin-top:0;margin-bottom:0;padding-top:0;padding-bottom:0\">Donde cada historia cobra vida<\/p>\n<\/div><\/div>\n\n\n\n<div class=\"wp-block-group alignfull has-contrast-color has-text-color has-link-color wp-elements-6586812fa28087cef077fa6a3b105f1c is-layout-constrained wp-container-core-group-is-layout-23b1a4dc wp-block-group-is-layout-constrained\" style=\"padding-top:var(--wp--preset--spacing--30);padding-right:var(--wp--preset--spacing--30);padding-bottom:var(--wp--preset--spacing--30);padding-left:var(--wp--preset--spacing--30)\">\n<div style=\"height:17px\" aria-hidden=\"true\" class=\"wp-block-spacer\"><\/div>\n\n\n\n<h1 class=\"wp-block-heading has-text-align-center has-large-font-size\">ENTRE P\u00c1GINAS: LITERATURA SIN FILTROS<\/h1>\n\n\n\n<div style=\"height:17px\" aria-hidden=\"true\" class=\"wp-block-spacer\"><\/div>\n\n\n\n<div class=\"wp-block-columns is-layout-flex wp-container-core-columns-is-layout-28f84493 wp-block-columns-is-layout-flex\">\n<div class=\"wp-block-column is-layout-flow wp-block-column-is-layout-flow\">\n<div class=\"wp-block-columns is-layout-flex wp-container-core-columns-is-layout-28f84493 wp-block-columns-is-layout-flex\">\n<div class=\"wp-block-column is-layout-flow wp-block-column-is-layout-flow\" style=\"flex-basis:10%\"><\/div>\n\n\n\n<div class=\"wp-block-column is-layout-flow wp-block-column-is-layout-flow\" style=\"flex-basis:100%\">\n<p class=\"has-text-align-center\">Un rinc\u00f3n para perderse entre mundos imposibles, amores intensos, misterios que no te dejan dormir y criaturas que dan m\u00e1s miedo que el lunes por la ma\u00f1ana.<\/p>\n\n\n\n<p class=\"has-text-align-center\">Aqu\u00ed hablamos de <strong>fantas\u00eda, ciencia ficci\u00f3n, romance, thriller y terror<\/strong> con un tono actual, directo y sin postureo. <\/p>\n\n\n\n<p class=\"has-text-align-center\"><strong>Novedades, recomendaciones y reviews <\/strong>sinceras para lectores que quieren sentir algo m\u00e1s que \u201cmeh\u201d.<\/p>\n\n\n\n<p class=\"has-text-align-center\">Si te gusta que un libro te vuele la cabeza o te rompa el coraz\u00f3n (o las dos cosas a la vez), est\u00e1s en tu sitio.<\/p>\n\n\n\n<hr class=\"wp-block-separator has-alpha-channel-opacity\" style=\"margin-top:var(--wp--preset--spacing--40);margin-bottom:var(--wp--preset--spacing--40)\"\/>\n<\/div>\n\n\n\n<div class=\"wp-block-column is-layout-flow wp-block-column-is-layout-flow\" style=\"flex-basis:10%\"><\/div>\n<\/div>\n<\/div>\n<\/div>\n<\/div>\n\n\n\n<h2 class=\"wp-block-heading has-text-align-center\">CON\u00d3CENOS <\/h2>\n\n\n\n<div style=\"height:17px\" aria-hidden=\"true\" class=\"wp-block-spacer\"><\/div>\n\n\n\n<div class=\"wp-block-group is-layout-constrained wp-container-core-group-is-layout-87b51d14 wp-block-group-is-layout-constrained\">\n<figure style=\"margin-top:0;margin-right:0;margin-bottom:0;margin-left:0\" class=\"wp-block-video\"><video height=\"1920\" style=\"aspect-ratio: 1080 \/ 1920;\" width=\"1080\" controls loop src=\"https:\/\/practicas.cursounedcommunitymanager.es\/sramos278\/wp-content\/uploads\/2026\/02\/Hay-historias-que-te-atrapan\u2026.mp4\"><\/video><\/figure>\n<\/div>\n\n\n\n<hr class=\"wp-block-separator has-alpha-channel-opacity\"\/>\n\n\n\n<h2 class=\"wp-block-heading has-text-align-center\">ENT\u00c9RATE DE TODAS LA NOVEDADES DE TUS LIBROS FAVORITOS<\/h2>\n\n\n\n<div style=\"height:25px\" aria-hidden=\"true\" class=\"wp-block-spacer\"><\/div>\n\n\n<ul class=\"wp-block-latest-posts__list wp-block-latest-posts\"><li><div class=\"wp-block-latest-posts__featured-image aligncenter\"><img decoding=\"async\" width=\"300\" height=\"120\" src=\"https:\/\/practicas.cursounedcommunitymanager.es\/sramos278\/wp-content\/uploads\/2026\/02\/biblioteca-300x120.png\" class=\"attachment-medium size-medium wp-post-image\" alt=\"Biblioteca estilo dibujo\" style=\"\" srcset=\"https:\/\/practicas.cursounedcommunitymanager.es\/sramos278\/wp-content\/uploads\/2026\/02\/biblioteca-300x120.png 300w, https:\/\/practicas.cursounedcommunitymanager.es\/sramos278\/wp-content\/uploads\/2026\/02\/biblioteca.png 740w\" sizes=\"(max-width: 300px) 100vw, 300px\" \/><\/div><a class=\"wp-block-latest-posts__post-title\" href=\"https:\/\/practicas.cursounedcommunitymanager.es\/sramos278\/nuevas-tematicas\/\">NUEVAS TEM\u00c1TICAS<\/a><div class=\"wp-block-latest-posts__post-excerpt\">El blog sigue creciendo y, con \u00e9l, tambi\u00e9n las historias que tendr\u00e1n su espacio aqu\u00ed. A partir de ahora, no solo hablaremos de un \u00fanico g\u00e9nero, sino que exploraremos distintas tem\u00e1ticas literarias para que cada lector encuentre su pr\u00f3xima lectura favorita. Desde mundos llenos de magia hasta futuros dist\u00f3picos, pasando por historias de amor, misterios que mantienen&#8230; <a class=\"wp-block-latest-posts__read-more\" href=\"https:\/\/practicas.cursounedcommunitymanager.es\/sramos278\/nuevas-tematicas\/\" rel=\"noopener noreferrer\">Lee m\u00e1s<span class=\"screen-reader-text\">: NUEVAS TEM\u00c1TICAS<\/span><\/a><\/div><\/li>\n<li><div class=\"wp-block-latest-posts__featured-image aligncenter\"><img decoding=\"async\" width=\"300\" height=\"181\" src=\"https:\/\/practicas.cursounedcommunitymanager.es\/sramos278\/wp-content\/uploads\/2026\/01\/LITERAATURA-DE-CIENCIA-FICCION-300x181.jpg\" class=\"attachment-medium size-medium wp-post-image\" alt=\"Ilustraci\u00f3n del Rover en Marte\" style=\"\" srcset=\"https:\/\/practicas.cursounedcommunitymanager.es\/sramos278\/wp-content\/uploads\/2026\/01\/LITERAATURA-DE-CIENCIA-FICCION-300x181.jpg 300w, https:\/\/practicas.cursounedcommunitymanager.es\/sramos278\/wp-content\/uploads\/2026\/01\/LITERAATURA-DE-CIENCIA-FICCION-1024x617.jpg 1024w, https:\/\/practicas.cursounedcommunitymanager.es\/sramos278\/wp-content\/uploads\/2026\/01\/LITERAATURA-DE-CIENCIA-FICCION-768x463.jpg 768w, https:\/\/practicas.cursounedcommunitymanager.es\/sramos278\/wp-content\/uploads\/2026\/01\/LITERAATURA-DE-CIENCIA-FICCION.jpg 1200w\" sizes=\"(max-width: 300px) 100vw, 300px\" \/><\/div><a class=\"wp-block-latest-posts__post-title\" href=\"https:\/\/practicas.cursounedcommunitymanager.es\/sramos278\/5-libros-de-ciencia-ficcion\/\">5 libros de ciencia ficci\u00f3n que no pueden faltar en tu lista de lectura<\/a><div class=\"wp-block-latest-posts__post-excerpt\">La ciencia ficci\u00f3n no es solo naves espaciales y robots. Es un g\u00e9nero que explora el futuro, la tecnolog\u00eda, la \u00e9tica y hasta la propia condici\u00f3n humana. A trav\u00e9s de mundos imaginarios, muchas veces nos habla del presente con m\u00e1s claridad que cualquier ensayo. Si quieres adentrarte en el g\u00e9nero (o ampliar tu colecci\u00f3n), aqu\u00ed tienes cinco&#8230; <a class=\"wp-block-latest-posts__read-more\" href=\"https:\/\/practicas.cursounedcommunitymanager.es\/sramos278\/5-libros-de-ciencia-ficcion\/\" rel=\"noopener noreferrer\">Lee m\u00e1s<span class=\"screen-reader-text\">: 5 libros de ciencia ficci\u00f3n que no pueden faltar en tu lista de lectura<\/span><\/a><\/div><\/li>\n<li><div class=\"wp-block-latest-posts__featured-image aligncenter\"><img loading=\"lazy\" decoding=\"async\" width=\"300\" height=\"168\" src=\"https:\/\/practicas.cursounedcommunitymanager.es\/sramos278\/wp-content\/uploads\/2026\/01\/images.jpg\" class=\"attachment-medium size-medium wp-post-image\" alt=\"Imagen de portada de un personaje femenino mirando una ciudad en las nubes\" style=\"\" \/><\/div><a class=\"wp-block-latest-posts__post-title\" href=\"https:\/\/practicas.cursounedcommunitymanager.es\/sramos278\/la-evolucion-de-la-fantasia-moderna\/\">La evoluci\u00f3n de la fantas\u00eda moderna: del h\u00e9roe cl\u00e1sico al protagonista imperfecto<\/a><div class=\"wp-block-latest-posts__post-excerpt\">La fantas\u00eda ha cambiado mucho en las \u00faltimas d\u00e9cadas. Atr\u00e1s quedaron los h\u00e9roes completamente virtuosos y los mundos donde el bien y el mal estaban claramente definidos. Hoy encontramos protagonistas complejos, moralmente grises y con conflictos internos que los hacen m\u00e1s humanos. Autores como Patrick Rothfuss, George R.R. Martin o Joe Abercrombie han contribuido a esta transformaci\u00f3n&#8230;. <a class=\"wp-block-latest-posts__read-more\" href=\"https:\/\/practicas.cursounedcommunitymanager.es\/sramos278\/la-evolucion-de-la-fantasia-moderna\/\" rel=\"noopener noreferrer\">Lee m\u00e1s<span class=\"screen-reader-text\">: La evoluci\u00f3n de la fantas\u00eda moderna: del h\u00e9roe cl\u00e1sico al protagonista imperfecto<\/span><\/a><\/div><\/li>\n<li><div class=\"wp-block-latest-posts__featured-image aligncenter\"><img loading=\"lazy\" decoding=\"async\" width=\"300\" height=\"214\" src=\"https:\/\/practicas.cursounedcommunitymanager.es\/sramos278\/wp-content\/uploads\/2026\/01\/descarga-300x214.jpg\" class=\"attachment-medium size-medium wp-post-image\" alt=\"Imagen del personaje Kvothe\" style=\"\" srcset=\"https:\/\/practicas.cursounedcommunitymanager.es\/sramos278\/wp-content\/uploads\/2026\/01\/descarga-300x214.jpg 300w, https:\/\/practicas.cursounedcommunitymanager.es\/sramos278\/wp-content\/uploads\/2026\/01\/descarga.jpg 700w\" sizes=\"(max-width: 300px) 100vw, 300px\" \/><\/div><a class=\"wp-block-latest-posts__post-title\" href=\"https:\/\/practicas.cursounedcommunitymanager.es\/sramos278\/el-nombre-del-viento\/\">\u00bfMerece la pena empezar El Nombre del Viento sin tener final publicado?<\/a><div class=\"wp-block-latest-posts__post-excerpt\">Empezar una saga inacabada es casi un deporte de riesgo para lectores pacientes. El Nombre del Viento, de Patrick Rothfuss, es una de las novelas de fantas\u00eda m\u00e1s recomendadas de los \u00faltimos a\u00f1os, pero tambi\u00e9n una de las m\u00e1s debatidas. Por un lado, tenemos una historia con una prosa cuidada, un mundo construido al detalle y un&#8230; <a class=\"wp-block-latest-posts__read-more\" href=\"https:\/\/practicas.cursounedcommunitymanager.es\/sramos278\/el-nombre-del-viento\/\" rel=\"noopener noreferrer\">Lee m\u00e1s<span class=\"screen-reader-text\">: \u00bfMerece la pena empezar El Nombre del Viento sin tener final publicado?<\/span><\/a><\/div><\/li>\n<\/ul>\n\n\n<div class=\"wp-block-group alignfull has-background-color has-ast-global-color-0-color has-white-background-color has-text-color has-background has-link-color wp-elements-0c21431553e329f775423f2e71da1d1c is-layout-constrained wp-container-core-group-is-layout-5a2068f4 wp-block-group-is-layout-constrained\" style=\"min-height:40vh;margin-top:0;margin-bottom:0;padding-top:var(--wp--preset--spacing--40);padding-right:var(--wp--preset--spacing--40);padding-bottom:var(--wp--preset--spacing--40);padding-left:var(--wp--preset--spacing--40)\">\n<div style=\"height:16px\" aria-hidden=\"true\" class=\"wp-block-spacer\"><\/div>\n\n\n\n<hr class=\"wp-block-separator has-alpha-channel-opacity\" style=\"margin-top:var(--wp--preset--spacing--40);margin-bottom:var(--wp--preset--spacing--40)\"\/>\n\n\n\n<div class=\"wp-block-columns alignwide has-small-font-size is-layout-flex wp-container-core-columns-is-layout-28f84493 wp-block-columns-is-layout-flex\">\n<div class=\"wp-block-column is-layout-flow wp-block-column-is-layout-flow\">\n<p class=\"has-text-align-center\">Ubicaci\u00f3n<\/p>\n\n\n\n<p class=\"has-text-align-center\">2020 Lomita Blvd, <br>Torrance, CA 90101<br>Galicia<\/p>\n<\/div>\n\n\n\n<div class=\"wp-block-column is-layout-flow wp-block-column-is-layout-flow\">\n<p class=\"has-text-align-center\">CATEGOR\u00cdAS:<\/p>\n\n\n<nav class=\"has-text-color has-ast-global-color-1-color has-small-font-size items-justified-center is-vertical no-wrap wp-block-navigation is-content-justification-center is-nowrap is-layout-flex wp-container-core-navigation-is-layout-7b37aa3b wp-block-navigation-is-layout-flex\" aria-label=\"Men\u00fa secundario\"><ul class=\"wp-block-navigation__container has-text-color has-ast-global-color-1-color has-small-font-size items-justified-center is-vertical no-wrap wp-block-navigation has-small-font-size\"><li class=\"has-small-font-size wp-block-navigation-item wp-block-navigation-link\"><a class=\"wp-block-navigation-item__content\"  href=\"https:\/\/practicas.cursounedcommunitymanager.es\/sramos278\/category\/fantasia\/\"><span class=\"wp-block-navigation-item__label\">Fantas\u00eda<\/span><span class=\"wp-block-navigation-item__description\">Todo lo relacionado con literatura de fantas\u00eda y aventura<\/span><\/a><\/li><li class=\"has-small-font-size wp-block-navigation-item wp-block-navigation-link\"><a class=\"wp-block-navigation-item__content\"  href=\"https:\/\/practicas.cursounedcommunitymanager.es\/sramos278\/category\/ciencia_ficcion\/\"><span class=\"wp-block-navigation-item__label\">Ciencia Ficci\u00f3n<\/span><span class=\"wp-block-navigation-item__description\">Todo lo relacionado con literatura de Ciencia Ficci\u00f3n<\/span><\/a><\/li><li class=\"has-small-font-size wp-block-navigation-item wp-block-navigation-link\"><a class=\"wp-block-navigation-item__content\"  href=\"https:\/\/practicas.cursounedcommunitymanager.es\/sramos278\/5-libros-de-ciencia-ficcion\/\"><span class=\"wp-block-navigation-item__label\">5 libros de ciencia ficci\u00f3n que no pueden faltar en tu lista de lectura<\/span><\/a><\/li><li class=\"has-small-font-size wp-block-navigation-item wp-block-navigation-link\"><a class=\"wp-block-navigation-item__content\"  href=\"https:\/\/practicas.cursounedcommunitymanager.es\/sramos278\/category\/thriller\/\"><span class=\"wp-block-navigation-item__label\">Thriller<\/span><span class=\"wp-block-navigation-item__description\">Todo lo relacionado con literatura de thriller y misterio<\/span><\/a><\/li><li class=\"has-small-font-size wp-block-navigation-item wp-block-navigation-link\"><a class=\"wp-block-navigation-item__content\"  href=\"https:\/\/practicas.cursounedcommunitymanager.es\/sramos278\/category\/terror\/\"><span class=\"wp-block-navigation-item__label\">Terror<\/span><span class=\"wp-block-navigation-item__description\">Todo lo relacionado con literatura de terror<\/span><\/a><\/li><li class=\"has-small-font-size wp-block-navigation-item wp-block-navigation-link\"><a class=\"wp-block-navigation-item__content\"  href=\"https:\/\/practicas.cursounedcommunitymanager.es\/sramos278\/category\/romance\/\"><span class=\"wp-block-navigation-item__label\">Romance<\/span><span class=\"wp-block-navigation-item__description\">Todo lo relacionado con literatura rom\u00e1ntica<\/span><\/a><\/li><\/ul><\/nav><\/div>\n<\/div>\n\n\n\n<hr class=\"wp-block-separator has-alpha-channel-opacity\"\/>\n\n\n<div class=\"is-default-size aligncenter wp-block-site-logo\"><a href=\"https:\/\/practicas.cursounedcommunitymanager.es\/sramos278\/\" class=\"custom-logo-link\" rel=\"home\"><img loading=\"lazy\" decoding=\"async\" width=\"512\" height=\"512\" src=\"https:\/\/practicas.cursounedcommunitymanager.es\/sramos278\/wp-content\/uploads\/2026\/02\/logo-sin-fondo-119x119.png\" class=\"custom-logo\" alt=\"Logo Entre P\u00e1ginas\" srcset=\"https:\/\/practicas.cursounedcommunitymanager.es\/sramos278\/wp-content\/uploads\/2026\/02\/logo-sin-fondo.png 512w, https:\/\/practicas.cursounedcommunitymanager.es\/sramos278\/wp-content\/uploads\/2026\/02\/logo-sin-fondo-300x300.png 300w, https:\/\/practicas.cursounedcommunitymanager.es\/sramos278\/wp-content\/uploads\/2026\/02\/logo-sin-fondo-150x150.png 150w, https:\/\/practicas.cursounedcommunitymanager.es\/sramos278\/wp-content\/uploads\/2026\/02\/logo-sin-fondo-119x119.png 119w\" sizes=\"(max-width: 512px) 100vw, 512px\" \/><\/a><\/div>\n\n\n<div class=\"wp-block-group alignwide is-content-justification-center is-layout-flex wp-container-core-group-is-layout-c124d1c4 wp-block-group-is-layout-flex\">\n<p class=\"has-text-align-center has-small-font-size\"> Orgullosamente impulsado por <a rel=\"nofollow\" href=\"https:\/\/wordpress.org\">WordPress<\/a> <\/p>\n<\/div>\n<\/div>\n\n\n\n<p><\/p>\n","protected":false},"excerpt":{"rendered":"<p>ENTRE P\u00c1GINAS: LITERATURA SIN FILTROS Un rinc\u00f3n para perderse entre mundos imposibles, amores intensos, misterios que no te dejan dormir [&hellip;]<\/p>\n","protected":false},"author":2,"featured_media":109,"parent":0,"menu_order":1,"comment_status":"closed","ping_status":"closed","template":"","meta":{"site-sidebar-layout":"default","site-content-layout":"","ast-site-content-layout":"default","site-content-style":"default","site-sidebar-style":"default","ast-global-header-display":"","ast-banner-title-visibility":"","ast-main-header-display":"","ast-hfb-above-header-display":"","ast-hfb-below-header-display":"","ast-hfb-mobile-header-display":"","site-post-title":"disabled","ast-breadcrumbs-content":"","ast-featured-img":"disabled","footer-sml-layout":"","ast-disable-related-posts":"","theme-transparent-header-meta":"","adv-header-id-meta":"","stick-header-meta":"","header-above-stick-meta":"","header-main-stick-meta":"","header-below-stick-meta":"","astra-migrate-meta-layouts":"default","ast-page-background-enabled":"default","ast-page-background-meta":{"desktop":{"background-color":"var(--ast-global-color-5)","background-image":"","background-repeat":"repeat","background-position":"center center","background-size":"auto","background-attachment":"scroll","background-type":"","background-media":"","overlay-type":"","overlay-color":"","overlay-opacity":"","overlay-gradient":""},"tablet":{"background-color":"","background-image":"","background-repeat":"repeat","background-position":"center center","background-size":"auto","background-attachment":"scroll","background-type":"","background-media":"","overlay-type":"","overlay-color":"","overlay-opacity":"","overlay-gradient":""},"mobile":{"background-color":"","background-image":"","background-repeat":"repeat","background-position":"center center","background-size":"auto","background-attachment":"scroll","background-type":"","background-media":"","overlay-type":"","overlay-color":"","overlay-opacity":"","overlay-gradient":""}},"ast-content-background-meta":{"desktop":{"background-color":"var(--ast-global-color-4)","background-image":"","background-repeat":"repeat","background-position":"center center","background-size":"auto","background-attachment":"scroll","background-type":"","background-media":"","overlay-type":"","overlay-color":"","overlay-opacity":"","overlay-gradient":""},"tablet":{"background-color":"var(--ast-global-color-4)","background-image":"","background-repeat":"repeat","background-position":"center center","background-size":"auto","background-attachment":"scroll","background-type":"","background-media":"","overlay-type":"","overlay-color":"","overlay-opacity":"","overlay-gradient":""},"mobile":{"background-color":"var(--ast-global-color-4)","background-image":"","background-repeat":"repeat","background-position":"center center","background-size":"auto","background-attachment":"scroll","background-type":"","background-media":"","overlay-type":"","overlay-color":"","overlay-opacity":"","overlay-gradient":""}},"footnotes":""},"class_list":["post-105","page","type-page","status-publish","has-post-thumbnail","hentry"],"_hostinger_reach_plugin_has_subscription_block":false,"_hostinger_reach_plugin_is_elementor":false,"_links":{"self":[{"href":"https:\/\/practicas.cursounedcommunitymanager.es\/sramos278\/wp-json\/wp\/v2\/pages\/105","targetHints":{"allow":["GET"]}}],"collection":[{"href":"https:\/\/practicas.cursounedcommunitymanager.es\/sramos278\/wp-json\/wp\/v2\/pages"}],"about":[{"href":"https:\/\/practicas.cursounedcommunitymanager.es\/sramos278\/wp-json\/wp\/v2\/types\/page"}],"author":[{"embeddable":true,"href":"https:\/\/practicas.cursounedcommunitymanager.es\/sramos278\/wp-json\/wp\/v2\/users\/2"}],"replies":[{"embeddable":true,"href":"https:\/\/practicas.cursounedcommunitymanager.es\/sramos278\/wp-json\/wp\/v2\/comments?post=105"}],"version-history":[{"count":31,"href":"https:\/\/practicas.cursounedcommunitymanager.es\/sramos278\/wp-json\/wp\/v2\/pages\/105\/revisions"}],"predecessor-version":[{"id":309,"href":"https:\/\/practicas.cursounedcommunitymanager.es\/sramos278\/wp-json\/wp\/v2\/pages\/105\/revisions\/309"}],"wp:featuredmedia":[{"embeddable":true,"href":"https:\/\/practicas.cursounedcommunitymanager.es\/sramos278\/wp-json\/wp\/v2\/media\/109"}],"wp:attachment":[{"href":"https:\/\/practicas.cursounedcommunitymanager.es\/sramos278\/wp-json\/wp\/v2\/media?parent=105"}],"curies":[{"name":"wp","href":"https:\/\/api.w.org\/{rel}","templated":true}]}}